{"id":5,"date":"2022-02-09T10:17:27","date_gmt":"2022-02-09T10:17:27","guid":{"rendered":"http:\/\/www.apartamentscalanuri.com\/?page_id=5"},"modified":"2025-12-01T16:27:47","modified_gmt":"2025-12-01T16:27:47","slug":"apartamento-1","status":"publish","type":"page","link":"https:\/\/www.apartamentscalanuri.com\/?page_id=5","title":{"rendered":"Apartamento 1"},"content":{"rendered":"\n<p>NRUA: ESFCTU00001702000027816200000000000000HUTG-003239-168<\/p>\n\n\n\n<p><span style=\"vertical-align: inherit;\"><span style=\"vertical-align: inherit;\">Apartamento situado en la playa Cau de LLop de Llan\u00e7\u00e0 a tan solo 100m, con magnificas vistas al mar frente al camino de ronda<\/span><\/span>.<\/p>\n\n\n\n<p><span style=\"vertical-align: inherit;\"><span style=\"vertical-align: inherit;\">Dispone de un dormitorio con dos camas individuales, sal\u00f3n comedor con sof\u00e1 cama ( 135cm) para dos personas, TV, WI-FI gratis. Ideal para 2\/4 personas<\/span><\/span><\/p>\n\n\n\n<p><span style=\"vertical-align: inherit;\"><span style=\"vertical-align: inherit;\">Terraza con magnificas vistas al mar, cocina equipada con horno, microondas, cafetera, hervidor de agua, tostador de pan, batidora, frigor\u00edfico, ventilador, radiadores el\u00e9ctricos, etc. lavadora (en zona comunitaria)cuarto de ba\u00f1o con ducha y plaza de parking exterior privado.<\/span><\/span><\/p>\n\n\n\n<p><span style=\"vertical-align: inherit;\"><span style=\"vertical-align: inherit;\">Posibilidad de cama supletoria y cuna de bebe bajo petici\u00f3n.<\/span><\/span><\/p>\n\n\n\n<p><span style=\"vertical-align: inherit;\"><span style=\"vertical-align: inherit;\">Se aceptan mascotas bajo la responsabilidad de su propietario.<\/span><\/span><\/p>\n\n\n\n<p><span style=\"vertical-align: inherit;\"><span style=\"vertical-align: inherit;\">Disfruta de las diferentes calas con aguas transparentes que encontrar\u00e1s durante el paseo de ronda situado a 30m del apartamento.<\/span><\/span><\/p>\n\n\n\n<div class=\"is-layout-flex wp-container-2 wp-block-columns\">\n<div class=\"is-layout-flow wp-block-column\" style=\"flex-basis:100%\">\n<style id=\"bwg-style-0\">      #bwg_container1_0 #bwg_container2_0 #bwg_mosaic_thumbnails_div_0 {        width: 100%;        position: relative;        background-color: rgba(255, 255, 255, 0.00);        text-align: center;        justify-content: center;                  margin-left: auto;          margin-right: auto;                    padding-left: 2px;          padding-top: 2px;                }          #bwg_container1_0 #bwg_container2_0 .bwg_mosaic_thumb_spun_0 {        display: block;        position: absolute;\t\t\t\tborder-radius: 0;\t\t\t\tborder: 0px none #CCCCCC;    \t\t    \t\tbackground-color:rgba(0,0,0, 0.30);        -moz-box-sizing: content-box !important;        -webkit-box-sizing: content-box !important;        box-sizing: content-box !important;      }\t\t\t#bwg_container1_0 #bwg_container2_0 .bwg_mosaic_thumb_0 {\t\t\t\tdisplay: block;\t\t\t\t-moz-box-sizing: content-box !important;\t\t\t\t-webkit-box-sizing: content-box !important;\t\t\t\tbox-sizing: content-box !important;\t\t\t\tmargin: 0;\t\t\t\topacity: 1.00;\t\t\t}      #bwg_container1_0 #bwg_container2_0 .bwg_mosaic_thumb_spun_0:hover {        opacity: 1;        backface-visibility: hidden;        -webkit-backface-visibility: hidden;        -moz-backface-visibility: hidden;        -ms-backface-visibility: hidden;        z-index: 102;      }\t     @media only screen and (min-width: 480px) {\t\t#bwg_container1_0 #bwg_container2_0 .bwg-container-0.bwg-mosaic-thumbnails .bwg-item0 img {\t\t\t-webkit-transition: -webkit-transform .3s; transition: transform .3s;\t\t}\t\t#bwg_container1_0 #bwg_container2_0 .bwg-container-0.bwg-mosaic-thumbnails .bwg-item0 img:hover {\t\t\t-ms-transform: scale(1.08);\t\t\t-webkit-transform: scale(1.08);\t\t\ttransform: scale(1.08);\t\t}\t\t      }\t      #bwg_container1_0 #bwg_container2_0 .bwg_mosaic_thumbnails_0 {        background-color: rgba(255, 255, 255, 0.00);        font-size: 0;        position: relative;        text-align: center;        display: inline-block;        visibility: hidden;              }\t  \/*image title styles*\/      #bwg_container1_0 #bwg_container2_0 .bwg_mosaic_title_spun1_0,      #bwg_container1_0 #bwg_container2_0 .bwg-mosaic-thumbnails .bwg_ecommerce_spun1_0 {        position: absolute;        display: block;        opacity: 0;        box-sizing: border-box;        text-align: center;\t\t\t\ttop: 50%;\t\t\t\tleft: 50%;\t\t\t\ttransform: translate(-50%, -50%);      }      #bwg_container1_0 #bwg_container2_0 .bwg-mosaic-thumbnails .bwg_mosaic_title_spun2_0,      #bwg_container1_0 #bwg_container2_0 .bwg-mosaic-thumbnails .bwg_ecommerce_spun2_0 {\t\t    color: #323A45;        font-family: Ubuntu;        font-size: 16px;        font-weight: bold;        text-shadow: ;        vertical-align: middle;        word-wrap: break-word;      }            .bwg_mosaic_play_icon_spun_0 {        display: table;        position: absolute;        left: -10000px;        top: 0px;        opacity: 0;      }      .bwg_mosaic_play_icon_0 {        color: #323A45;        font-size: 32px;        vertical-align: middle;        display: table-cell !important;        z-index: 1;        text-align: center;        margin: 0 auto;      }      #bwg_container1_0 #bwg_container2_0 .bwg_gal_title_0 {        background-color: rgba(0, 0, 0, 0);        color: #323A45;        display: block;        font-family: Ubuntu;        font-size: 16px;        font-weight: bold;        padding: 2px;        text-shadow: ;        text-align: center;      }            @media screen and (max-width: 350px) {      div[class^=\"bwg_mosaic_thumbnails_\"],      span[class^=\"bwg_mosaic_thumb_spun_\"] {      width: 100% !important;      }      img[class^=\"bwg_mosaic_thumb_\"] {      width: 100% !important;      height: auto !important;      margin: 0px auto !important;      }      }      <\/style>    <div id=\"bwg_container1_0\"         class=\"bwg_container bwg_thumbnail bwg_thumbnails_mosaic \"         data-right-click-protection=\"0\"         data-bwg=\"0\"         data-scroll=\"0\"         data-gallery-type=\"thumbnails_mosaic\"         data-gallery-view-type=\"thumbnails_mosaic\"         data-current-url=\"https:\/\/www.apartamentscalanuri.com\/index.php?rest_route=%2Fwp%2Fv2%2Fpages%2F5\"         data-lightbox-url=\"https:\/\/www.apartamentscalanuri.com\/wp-admin\/admin-ajax.php?action=GalleryBox&#038;current_view=0&#038;gallery_id=1&#038;tag=0&#038;theme_id=1&#038;shortcode_id=2&#038;sort_by=order&#038;order_by=asc&#038;current_url=https%3A%2F%2Fwww.apartamentscalanuri.com%2Findex.php%3Frest_route%3D%252Fwp%252Fv2%252Fpages%252F5\"         data-gallery-id=\"1\"         data-popup-width=\"800\"         data-popup-height=\"500\"         data-is-album=\"gallery\"         data-buttons-position=\"bottom\">      <div id=\"bwg_container2_0\">             <div id=\"ajax_loading_0\" class=\"bwg_loading_div_1\">      <div class=\"bwg_loading_div_2\">        <div class=\"bwg_loading_div_3\">          <div id=\"loading_div_0\" class=\"bwg_spider_ajax_loading\">          <\/div>        <\/div>      <\/div>    <\/div>            <form id=\"gal_front_form_0\"              class=\"bwg-hidden\"              method=\"post\"              action=\"#\"              data-current=\"0\"              data-shortcode-id=\"2\"              data-gallery-type=\"thumbnails_mosaic\"              data-gallery-id=\"1\"              data-tag=\"0\"              data-album-id=\"0\"              data-theme-id=\"1\"              data-ajax-url=\"https:\/\/www.apartamentscalanuri.com\/wp-admin\/admin-ajax.php?action=bwg_frontend_data\">          <div id=\"bwg_container3_0\" class=\"bwg-background bwg-background-0\">                <div id=\"bwg_mosaic_thumbnails_div_0\"         class=\"bwg-container-0 bwg-container bwg-mosaic-thumbnails\"         data-bwg=\"0\"         data-mosaic-direction=\"vertical\"         data-resizable=\"0\"         data-width=\"250\"         data-height=\"250\"         data-total-width=\"100\"         data-block-id=\"bwg_thumbnails_mosaic_0\"         data-thumb-padding=\"2\"         data-thumb-border=\"0\"         data-title-margin=\"2px\"         data-image-title=\"none\"         data-play-icon=\"1\"         data-ecommerce-icon=\"none\"         data-gallery-id=\"1\"         data-lightbox-url=\"https:\/\/www.apartamentscalanuri.com\/wp-admin\/admin-ajax.php?action=GalleryBox&#038;current_view=0&#038;gallery_id=1&#038;tag=0&#038;theme_id=1&#038;shortcode_id=2&#038;sort_by=order&#038;order_by=asc&#038;current_url=https%3A%2F%2Fwww.apartamentscalanuri.com%2Findex.php%3Frest_route%3D%252Fwp%252Fv2%252Fpages%252F5\"         data-mosaic-thumb-transition=\"1\"         style=\"visibility: hidden\" >      <div id=\"bwg_thumbnails_mosaic_0\" class=\"bwg_mosaic_thumbnails_0\">                  <a  class=\"bwg-a bwg_lightbox bwg_lightbox_0\" href=\"https:\/\/www.apartamentscalanuri.com\/wp-content\/uploads\/photo-gallery\/imported_from_media_libray\/terrassa-esmorzar.jpg?bwg=1669138107\" data-image-id=\"1\" data-elementor-open-lightbox=\"no\">          <div class=\"bwg_mosaic_thumb_spun_0 bwg-item0 bwg-mosaic-thumb-span \">            <img class=\"bwg_mosaic_thumb_0 skip-lazy bwg_img_clear bwg_img_custom \"                 id=\"1\"                 src=\"https:\/\/www.apartamentscalanuri.com\/wp-content\/uploads\/photo-gallery\/imported_from_media_libray\/thumb\/terrassa-esmorzar.jpg?bwg=1669138107\"                 data-src=\"https:\/\/www.apartamentscalanuri.com\/wp-content\/uploads\/photo-gallery\/imported_from_media_libray\/thumb\/terrassa-esmorzar.jpg?bwg=1669138107\"                 data-width=\"500.00\"                 data-height=\"375.00\"                 alt=\"\"                 title=\"\" \/>                      <\/div>        <\/a>                <a  class=\"bwg-a bwg_lightbox bwg_lightbox_0\" href=\"https:\/\/www.apartamentscalanuri.com\/wp-content\/uploads\/photo-gallery\/imported_from_media_libray\/IMG_20200520_215423.jpg?bwg=1669138107\" data-image-id=\"2\" data-elementor-open-lightbox=\"no\">          <div class=\"bwg_mosaic_thumb_spun_0 bwg-item0 bwg-mosaic-thumb-span \">            <img class=\"bwg_mosaic_thumb_0 skip-lazy bwg_img_clear bwg_img_custom \"                 id=\"2\"                 src=\"https:\/\/www.apartamentscalanuri.com\/wp-content\/uploads\/photo-gallery\/imported_from_media_libray\/thumb\/IMG_20200520_215423.jpg?bwg=1669138107\"                 data-src=\"https:\/\/www.apartamentscalanuri.com\/wp-content\/uploads\/photo-gallery\/imported_from_media_libray\/thumb\/IMG_20200520_215423.jpg?bwg=1669138107\"                 data-width=\"500.00\"                 data-height=\"375.00\"                 alt=\"\"                 title=\"\" \/>                      <\/div>        <\/a>                <a  class=\"bwg-a bwg_lightbox bwg_lightbox_0\" href=\"https:\/\/www.apartamentscalanuri.com\/wp-content\/uploads\/photo-gallery\/imported_from_media_libray\/IMG-20200523-WA0001-1.jpg?bwg=1669138107\" data-image-id=\"3\" data-elementor-open-lightbox=\"no\">          <div class=\"bwg_mosaic_thumb_spun_0 bwg-item0 bwg-mosaic-thumb-span \">            <img class=\"bwg_mosaic_thumb_0 skip-lazy bwg_img_clear bwg_img_custom \"                 id=\"3\"                 src=\"https:\/\/www.apartamentscalanuri.com\/wp-content\/uploads\/photo-gallery\/imported_from_media_libray\/thumb\/IMG-20200523-WA0001-1.jpg?bwg=1669138107\"                 data-src=\"https:\/\/www.apartamentscalanuri.com\/wp-content\/uploads\/photo-gallery\/imported_from_media_libray\/thumb\/IMG-20200523-WA0001-1.jpg?bwg=1669138107\"                 data-width=\"375.00\"                 data-height=\"500.00\"                 alt=\"\"                 title=\"\" \/>                      <\/div>        <\/a>                <a  class=\"bwg-a bwg_lightbox bwg_lightbox_0\" href=\"https:\/\/www.apartamentscalanuri.com\/wp-content\/uploads\/photo-gallery\/imported_from_media_libray\/IMG-20200523-WA0004-2.jpg?bwg=1669138107\" data-image-id=\"4\" data-elementor-open-lightbox=\"no\">          <div class=\"bwg_mosaic_thumb_spun_0 bwg-item0 bwg-mosaic-thumb-span \">            <img class=\"bwg_mosaic_thumb_0 skip-lazy bwg_img_clear bwg_img_custom \"                 id=\"4\"                 src=\"https:\/\/www.apartamentscalanuri.com\/wp-content\/uploads\/photo-gallery\/imported_from_media_libray\/thumb\/IMG-20200523-WA0004-2.jpg?bwg=1669138107\"                 data-src=\"https:\/\/www.apartamentscalanuri.com\/wp-content\/uploads\/photo-gallery\/imported_from_media_libray\/thumb\/IMG-20200523-WA0004-2.jpg?bwg=1669138107\"                 data-width=\"375.00\"                 data-height=\"500.00\"                 alt=\"\"                 title=\"\" \/>                      <\/div>        <\/a>                <a  class=\"bwg-a bwg_lightbox bwg_lightbox_0\" href=\"https:\/\/www.apartamentscalanuri.com\/wp-content\/uploads\/photo-gallery\/imported_from_media_libray\/menjador-1-scaled.jpg?bwg=1669138107\" data-image-id=\"5\" data-elementor-open-lightbox=\"no\">          <div class=\"bwg_mosaic_thumb_spun_0 bwg-item0 bwg-mosaic-thumb-span \">            <img class=\"bwg_mosaic_thumb_0 skip-lazy bwg_img_clear bwg_img_custom \"                 id=\"5\"                 src=\"https:\/\/www.apartamentscalanuri.com\/wp-content\/uploads\/photo-gallery\/imported_from_media_libray\/thumb\/menjador-1-scaled.jpg?bwg=1669138107\"                 data-src=\"https:\/\/www.apartamentscalanuri.com\/wp-content\/uploads\/photo-gallery\/imported_from_media_libray\/thumb\/menjador-1-scaled.jpg?bwg=1669138107\"                 data-width=\"500.00\"                 data-height=\"375.00\"                 alt=\"\"                 title=\"\" \/>                      <\/div>        <\/a>                <a  class=\"bwg-a bwg_lightbox bwg_lightbox_0\" href=\"https:\/\/www.apartamentscalanuri.com\/wp-content\/uploads\/photo-gallery\/imported_from_media_libray\/dormitori-1-scaled.jpg?bwg=1669138107\" data-image-id=\"6\" data-elementor-open-lightbox=\"no\">          <div class=\"bwg_mosaic_thumb_spun_0 bwg-item0 bwg-mosaic-thumb-span \">            <img class=\"bwg_mosaic_thumb_0 skip-lazy bwg_img_clear bwg_img_custom \"                 id=\"6\"                 src=\"https:\/\/www.apartamentscalanuri.com\/wp-content\/uploads\/photo-gallery\/imported_from_media_libray\/thumb\/dormitori-1-scaled.jpg?bwg=1669138107\"                 data-src=\"https:\/\/www.apartamentscalanuri.com\/wp-content\/uploads\/photo-gallery\/imported_from_media_libray\/thumb\/dormitori-1-scaled.jpg?bwg=1669138107\"                 data-width=\"500.00\"                 data-height=\"375.00\"                 alt=\"\"                 title=\"\" \/>                      <\/div>        <\/a>                <a  class=\"bwg-a bwg_lightbox bwg_lightbox_0\" href=\"https:\/\/www.apartamentscalanuri.com\/wp-content\/uploads\/photo-gallery\/imported_from_media_libray\/cuina-pis-1-scaled.jpg?bwg=1669138107\" data-image-id=\"7\" data-elementor-open-lightbox=\"no\">          <div class=\"bwg_mosaic_thumb_spun_0 bwg-item0 bwg-mosaic-thumb-span \">            <img class=\"bwg_mosaic_thumb_0 skip-lazy bwg_img_clear bwg_img_custom \"                 id=\"7\"                 src=\"https:\/\/www.apartamentscalanuri.com\/wp-content\/uploads\/photo-gallery\/imported_from_media_libray\/thumb\/cuina-pis-1-scaled.jpg?bwg=1669138107\"                 data-src=\"https:\/\/www.apartamentscalanuri.com\/wp-content\/uploads\/photo-gallery\/imported_from_media_libray\/thumb\/cuina-pis-1-scaled.jpg?bwg=1669138107\"                 data-width=\"281.00\"                 data-height=\"500.00\"                 alt=\"\"                 title=\"\" \/>                      <\/div>        <\/a>                <a  class=\"bwg-a bwg_lightbox bwg_lightbox_0\" href=\"https:\/\/www.apartamentscalanuri.com\/wp-content\/uploads\/photo-gallery\/imported_from_media_libray\/IMG_20200607_112631-scaled.jpg?bwg=1669138107\" data-image-id=\"8\" data-elementor-open-lightbox=\"no\">          <div class=\"bwg_mosaic_thumb_spun_0 bwg-item0 bwg-mosaic-thumb-span \">            <img class=\"bwg_mosaic_thumb_0 skip-lazy bwg_img_clear bwg_img_custom \"                 id=\"8\"                 src=\"https:\/\/www.apartamentscalanuri.com\/wp-content\/uploads\/photo-gallery\/imported_from_media_libray\/thumb\/IMG_20200607_112631-scaled.jpg?bwg=1669138107\"                 data-src=\"https:\/\/www.apartamentscalanuri.com\/wp-content\/uploads\/photo-gallery\/imported_from_media_libray\/thumb\/IMG_20200607_112631-scaled.jpg?bwg=1669138107\"                 data-width=\"375.00\"                 data-height=\"500.00\"                 alt=\"\"                 title=\"\" \/>                      <\/div>        <\/a>            <\/div>    <\/div>    <style>      \/*pagination styles*\/      #bwg_container1_0 #bwg_container2_0 .tablenav-pages_0 {\t\t\t\ttext-align: center;\t\t\t\tfont-size: 12px;\t\t\t\tfont-family: Ubuntu;\t\t\t\tfont-weight: bold;\t\t\t\tcolor: #666666;\t\t\t\tmargin: 6px 0 4px;\t\t\t\tdisplay: block;      }      @media only screen and (max-width : 320px) {      #bwg_container1_0 #bwg_container2_0 .displaying-num_0 {     \t display: none;      }      }      #bwg_container1_0 #bwg_container2_0 .displaying-num_0 {\t\t\t\tfont-size: 12px;\t\t\t\tfont-family: Ubuntu;\t\t\t\tfont-weight: bold;\t\t\t\tcolor: #666666;\t\t\t\tmargin-right: 10px;\t\t\t\tvertical-align: middle;      }      #bwg_container1_0 #bwg_container2_0 .paging-input_0 {\t\t\t\tfont-size: 12px;\t\t\t\tfont-family: Ubuntu;\t\t\t\tfont-weight: bold;\t\t\t\tcolor: #666666;\t\t\t\tvertical-align: middle;      }      #bwg_container1_0 #bwg_container2_0 .tablenav-pages_0 a.disabled,      #bwg_container1_0 #bwg_container2_0 .tablenav-pages_0 a.disabled:hover,      #bwg_container1_0 #bwg_container2_0 .tablenav-pages_0 a.disabled:focus,\t\t\t#bwg_container1_0 #bwg_container2_0 .tablenav-pages_0 input.bwg_current_page {\t\t\t\tcursor: default;\t\t\t\tcolor: rgba(102, 102, 102, 0.5);      }      #bwg_container1_0 #bwg_container2_0 .tablenav-pages_0 a,      #bwg_container1_0 #bwg_container2_0 .tablenav-pages_0 input.bwg_current_page {\t\t\t\tcursor: pointer;\t\t\t\ttext-align: center;\t\t\t\tfont-size: 12px;\t\t\t\tfont-family: Ubuntu;\t\t\t\tfont-weight: bold;\t\t\t\tcolor: #666666;\t\t\t\ttext-decoration: none;\t\t\t\tpadding: 3px 6px;\t\t\t\tmargin: 0;\t\t\t\tborder-radius: 0;\t\t\t\tborder-style: solid;\t\t\t\tborder-width: 1px;\t\t\t\tborder-color: #E3E3E3;\t\t\t\t\t\t\t\tbackground-color: rgba(255, 255, 255, 1.00);\t\t\t\tbox-shadow: 0;\t\t\t\ttransition: all 0.3s ease 0s;-webkit-transition: all 0.3s ease 0s;      }      <\/style>      <span class=\"bwg_nav_cont_0\">              <div class=\"tablenav-pages_0\">                  <\/div>                <input type=\"hidden\" id=\"page_number_0\" name=\"page_number_0\" value=\"1\" \/>      <script type=\"text\/javascript\">        if( jQuery('.bwg_nav_cont_0').length > 1 ) {          jQuery('.bwg_nav_cont_0').first().remove()        }        function spider_page_0(cur, x, y, load_more) {          if (typeof load_more == \"undefined\") {            var load_more = false;          }          if (jQuery(cur).hasClass('disabled')) {            return false;          }          var items_county_0 = 1;          switch (y) {            case 1:              if (x >= items_county_0) {                document.getElementById('page_number_0').value = items_county_0;              }              else {                document.getElementById('page_number_0').value = x + 1;              }              break;            case 2:              document.getElementById('page_number_0').value = items_county_0;              break;            case -1:              if (x == 1) {                document.getElementById('page_number_0').value = 1;              }              else {                document.getElementById('page_number_0').value = x - 1;              }              break;            case -2:              document.getElementById('page_number_0').value = 1;              break;\t\t\t\t\t\tcase 0:              document.getElementById('page_number_0').value = x;              break;            default:              document.getElementById('page_number_0').value = 1;          }          bwg_ajax('gal_front_form_0', '0', 'bwg_thumbnails_mosaic_0', '0', '', 'gallery', 0, '', '', load_more, '', 1);        }                    jQuery('.first-page-0').on('click', function () {              spider_page_0(this, 1, -2, 'numeric');              return false;            });            jQuery('.prev-page-0').on('click', function () {              spider_page_0(this, 1, -1, 'numeric');              return false;            });            jQuery('.next-page-0').on('click', function () {              spider_page_0(this, 1, 1, 'numeric');              return false;            });            jQuery('.last-page-0').on('click', function () {              spider_page_0(this, 1, 2, 'numeric');              return false;            });        \t\t\t\t\/* Change page on input enter. *\/        function bwg_change_page_0( e, that ) {          if (  e.key == 'Enter' ) {            var to_page = parseInt(jQuery(that).val());            var pages_count = jQuery(that).parents(\".pagination-links\").data(\"pages-count\");            var current_url_param = jQuery(that).attr('data-url-info');            if (to_page > pages_count) {              to_page = 1;            }\t \t\t\t\t\t\t\t\t\t\t\t\tspider_page_0(this, to_page, 0, 'numeric');\t\t\t\t\t\t\treturn false;\t\t\t\t\t\t          }          return true;        }        jQuery('.bwg_load_btn_0').on('click', function () {            spider_page_0(this, 1, 1, true);            return false;        });      <\/script>      <\/span>                <\/div>        <\/form>        <style>          #bwg_container1_0 #bwg_container2_0 #spider_popup_overlay_0 {          background-color: #EEEEEE;          opacity: 0.60;          }          <\/style>        <div id=\"bwg_spider_popup_loading_0\" class=\"bwg_spider_popup_loading\"><\/div>        <div id=\"spider_popup_overlay_0\" class=\"spider_popup_overlay\" onclick=\"spider_destroypopup(1000)\"><\/div>        <input type=\"hidden\" id=\"bwg_random_seed_0\" value=\"2136036908\">                <\/div>    <\/div>    <script>      if (document.readyState === 'complete') {        if( typeof bwg_main_ready == 'function' ) {          if ( jQuery(\"#bwg_container1_0\").height() ) {            bwg_main_ready(jQuery(\"#bwg_container1_0\"));          }        }      } else {        document.addEventListener('DOMContentLoaded', function() {          if( typeof bwg_main_ready == 'function' ) {            if ( jQuery(\"#bwg_container1_0\").height() ) {             bwg_main_ready(jQuery(\"#bwg_container1_0\"));            }          }        });      }    <\/script>    \n<\/div>\n<\/div>\n\n\n\n<figure class=\"wp-block-table is-style-stripes\"><table class=\"has-fixed-layout\"><thead><tr><th><strong><span style=\"vertical-align: inherit;\"><span style=\"vertical-align: inherit;\">FECHA<\/span><\/span><\/strong><span style=\"vertical-align: inherit;\"><span style=\"vertical-align: inherit;\"> <\/span><\/span>2.026<\/th><th><strong><span style=\"vertical-align: inherit;\"><span style=\"vertical-align: inherit;\">PRECIO<\/span><\/span><\/strong><\/th><\/tr><\/thead><tbody><tr><td><span style=\"vertical-align: inherit;\"><span style=\"vertical-align: inherit;\">Enero, Febrero, Marzo, Abril, Mayo, Oct. y Nov.<\/span><\/span><\/td><td><span style=\"vertical-align: inherit;\"><span style=\"vertical-align: inherit;\">69 \u20ac \/ noche (m\u00ednimo 2 noches)<\/span><\/span><\/td><\/tr><tr><td><span style=\"vertical-align: inherit;\"><span style=\"vertical-align: inherit;\">Junio y Septiembre<\/span><\/span><\/td><td><span style=\"vertical-align: inherit;\"><span style=\"vertical-align: inherit;\">79 \u20ac \/ noche (m\u00ednimo 4 noches)<\/span><\/span><\/td><\/tr><tr><td><span style=\"vertical-align: inherit;\"><span style=\"vertical-align: inherit;\">Semana Santa<\/span><\/span> <\/td><td><span style=\"vertical-align: inherit;\"><span style=\"vertical-align: inherit;\">110 \u20ac \/ noche (m\u00ednimo 3 noches)<\/span><\/span><\/td><\/tr><tr><td><span style=\"vertical-align: inherit;\"><span style=\"vertical-align: inherit;\">Puentes<\/span><\/span> <\/td><td><span style=\"vertical-align: inherit;\"><span style=\"vertical-align: inherit;\">110 \u20ac \/ noche (excepto julio y agosto)<\/span><\/span><\/td><\/tr><tr><td><span style=\"vertical-align: inherit;\"><span style=\"vertical-align: inherit;\">Del 1 al 31 de Julio<\/span><\/span><\/td><td><span style=\"vertical-align: inherit;\"><span style=\"vertical-align: inherit;\">112 \u20ac \/ noche (m\u00ednimo 5 noches)<\/span><\/span><\/td><\/tr><tr><td><span style=\"vertical-align: inherit;\"><span style=\"vertical-align: inherit;\">Del 1 al 31 de Agosto<\/span><\/span><\/td><td><span style=\"vertical-align: inherit;\"><span style=\"vertical-align: inherit;\">139 \u20ac \/ noche (m\u00ednimo 7 noches)<\/span><\/span><\/td><\/tr><tr><td><span style=\"vertical-align: inherit;\"><span style=\"vertical-align: inherit;\">Fin de semana resto del a\u00f1o<\/span><\/span><\/td><td><span style=\"vertical-align: inherit;\"><span style=\"vertical-align: inherit;\">138 \u20ac \/ 2 noches apto. <\/span><span style=\"vertical-align: inherit;\">2\/4 personas<\/span><\/span><\/td><\/tr><tr><td><\/td><td><\/td><\/tr><\/tbody><\/table><\/figure>\n","protected":false},"excerpt":{"rendered":"<p>NRUA: ESFCTU00001702000027816200000000000000HUTG-003239-168 Apartamento situado en la playa Cau de LLop de Llan\u00e7\u00e0 a tan solo 100m, con magnificas vistas al mar frente al camino de ronda. Dispone de un dormitorio con dos camas individuales, sal\u00f3n comedor con sof\u00e1 cama ( 135cm) para dos personas, TV, WI-FI gratis. Ideal para 2\/4 [&hellip;]<\/p>\n","protected":false},"author":1,"featured_media":0,"parent":0,"menu_order":0,"comment_status":"closed","ping_status":"closed","template":"","meta":[],"_links":{"self":[{"href":"https:\/\/www.apartamentscalanuri.com\/index.php?rest_route=\/wp\/v2\/pages\/5"}],"collection":[{"href":"https:\/\/www.apartamentscalanuri.com\/index.php?rest_route=\/wp\/v2\/pages"}],"about":[{"href":"https:\/\/www.apartamentscalanuri.com\/index.php?rest_route=\/wp\/v2\/types\/page"}],"author":[{"embeddable":true,"href":"https:\/\/www.apartamentscalanuri.com\/index.php?rest_route=\/wp\/v2\/users\/1"}],"replies":[{"embeddable":true,"href":"https:\/\/www.apartamentscalanuri.com\/index.php?rest_route=%2Fwp%2Fv2%2Fcomments&post=5"}],"version-history":[{"count":34,"href":"https:\/\/www.apartamentscalanuri.com\/index.php?rest_route=\/wp\/v2\/pages\/5\/revisions"}],"predecessor-version":[{"id":327,"href":"https:\/\/www.apartamentscalanuri.com\/index.php?rest_route=\/wp\/v2\/pages\/5\/revisions\/327"}],"wp:attachment":[{"href":"https:\/\/www.apartamentscalanuri.com\/index.php?rest_route=%2Fwp%2Fv2%2Fmedia&parent=5"}],"curies":[{"name":"wp","href":"https:\/\/api.w.org\/{rel}","templated":true}]}}